{"id":195,"date":"2021-08-28T07:31:56","date_gmt":"2021-08-28T07:31:56","guid":{"rendered":"http:\/\/yesmarketing.info\/?page_id=195"},"modified":"2024-09-26T06:34:13","modified_gmt":"2024-09-26T06:34:13","slug":"yes-marketing-meeting-2022","status":"publish","type":"page","link":"http:\/\/yesmarketing.info\/?page_id=195","title":{"rendered":"YES | MARKETING Meeting 2022"},"content":{"rendered":"\n<p id=\"block-2870e1f0-8889-488c-a748-8a524d0d2237\">YES | MARKETING 2022 took place on August 29 and 30, 2022. It was hosted by <a href=\"https:\/\/www.rug.nl\/staff\/m.j.gijsenberg\/\">Maarten J. Gijsenberg<\/a>, <a href=\"https:\/\/www.rug.nl\/staff\/h.risselada\/\">Hans Risselada<\/a> and <a href=\"https:\/\/www.rug.nl\/staff\/evert.de.haan\/\">Evert De Haan<\/a> at <a href=\"https:\/\/www.rug.nl\/feb\/\">University of Groningen<\/a>.<\/p>\n\n\n\n<figure class=\"wp-block-image\" id=\"block-70954739-1650-4cb1-9cbf-0fd37a6caf3b\"><img decoding=\"async\" src=\"http:\/\/yesmarketing.info\/wp-content\/uploads\/2019\/08\/Groningen-1024x643.jpg\" alt=\"Dieses Bild hat ein leeres Alt-Attribut. Der Dateiname ist Groningen-1024x643.jpg\"\/><\/figure>\n\n\n<p><!--EndFragment--><\/p>\n\n\n<p><strong>Schedule<\/strong><\/p>\n\n\n\n<p><em>Monday, August <\/em>29<\/p>\n\n\n\n<div class=\"wp-block-group\"><div class=\"wp-block-group__inner-container is-layout-flow wp-block-group-is-layout-flow\">\n<p>9:00 am: <strong><strong>Registration &amp; Coffee<\/strong><\/strong>. Van Swinderen Huys<\/p>\n\n\n\n<p>9.30 am: <strong>Welcome.<\/strong> Peter Verhoef (Dean Faculty of Economics and Business)<\/p>\n\n\n\n<p>9.45 am:  <strong>Research Session.<\/strong> <a href=\"https:\/\/www.alexanderedeling.com\/\" target=\"_blank\" rel=\"noreferrer noopener\">Alexander Edeling<\/a> (KU Leuven) &#8220;When is competition really healthy? Analyzing the impact of the firm\u2019s competitive position on unethical firm behavior&#8221;<\/p>\n\n\n\n<p>10.45 am: <strong>Break.<\/strong>&nbsp;Coffee, Tea, Cake.<\/p>\n\n\n\n<p>11.00 am:  <strong>Research Session.<\/strong> <a href=\"https:\/\/research.vu.nl\/en\/persons\/francesca-sotgiu\" target=\"_blank\" rel=\"noreferrer noopener\">Francesca Sotgiu<\/a> (VU Amsterdam) &#8220;A Meta-Analysis of the Effects of Brand Owned Social Media on Social Media Engagement and Sales&#8221;<\/p>\n\n\n\n<p>11.30 am: <strong>Research Session.<\/strong> <a href=\"https:\/\/www.marketing.uni-frankfurt.de\/de\/professoren\/dr-keyvan-dehmamy\/dr-keyvan-dehmamy.html\" target=\"_blank\" rel=\"noreferrer noopener\">Keyvan Dehmamy<\/a> (Goethe University Frankfurt) \u201cMarket Entry and Consumer Reviews: The Case of the Restaurant Industry\u201d<\/p>\n\n\n\n<p>12:00 pm: <strong>Lunch Break.&nbsp;<\/strong>Van Swinderen Huys<\/p>\n\n\n\n<p>1.00 pm: <strong>Research Session<\/strong>. <a rel=\"noreferrer noopener\" href=\"https:\/\/www.tilburguniversity.edu\/staff\/s-staebler\" target=\"_blank\">Samuel St\u00e4bler<\/a> (Tilburg University) \u201cRegulatory Inspections: Marketing Determinants and Consequences\u201d<\/p>\n\n\n\n<p>2.00 pm: <strong>Break.<\/strong>&nbsp;Coffee, Tea, Cake.<\/p>\n\n\n\n<p>2.15 pm:  <strong>Topic Session.<\/strong> Moderated by <a href=\"https:\/\/www.frankfurt-school.de\/home\/research\/staff\/Christian-Schulze\" target=\"_blank\" rel=\"noreferrer noopener\">Christian Schulze<\/a> (Frankfurt School of Finance &amp; Management) &#8220;Create your own teaching materials?!&#8221;<\/p>\n\n\n\n<p>3.15 pm: <strong>Departure and City Walk<\/strong><\/p>\n\n\n\n<p>4.30 pm: <strong>Groningen Boat Tour<\/strong><\/p>\n\n\n\n<p>6.30 pm: <strong>Dinner<\/strong><\/p>\n\n\n\n<p>10.00 pm: <strong>Drinks<\/strong><\/p>\n<\/div><\/div>\n\n\n\n<p><\/p>\n\n\n\n<p><em>Tuesday, August <\/em>30<\/p>\n\n\n\n<div class=\"wp-block-group\"><div class=\"wp-block-group__inner-container is-layout-flow wp-block-group-is-layout-flow\">\n<p>9:00 am: <strong><strong>Arrival &amp; Coffee<\/strong><\/strong>. Van Swinderen Huys<\/p>\n\n\n\n<p>9.30 am:  <strong>Research Session.<\/strong> <a href=\"https:\/\/www.bi.edu\/about-bi\/employees\/department-of-marketing\/matilda-dorotic\/\" target=\"_blank\" rel=\"noreferrer noopener\">Matilda Dorotic<\/a> (BI Norwegian Business School) \u201cPrivacy-safety paradoxes for children online: The role of marketing and potential research directio<em>ns\u201d<\/em><\/p>\n\n\n\n<p>10.30 am: <strong>Break.<\/strong>&nbsp;Coffee, Tea, Cake.<\/p>\n\n\n\n<p>10:45 am:  <strong>Research Session.<\/strong> <a rel=\"noreferrer noopener\" href=\"https:\/\/www.uva.nl\/en\/profile\/g\/u\/j.y.guyt\/j.y.guyt.html\" target=\"_blank\">Jonne Guyt<\/a> (University of Amsterdam) &#8220;Banning Unsolicited Advertising: Helping the Environment but Hurting Retailing&#8221;<\/p>\n\n\n\n<p>11:15 am: <strong>Research Session.<\/strong> <a href=\"https:\/\/www.fs.de\/schulze\" data-type=\"URL\" data-id=\"https:\/\/www.fs.de\/schulze\" target=\"_blank\" rel=\"noreferrer noopener\">Christian Schulze<\/a> (Frankfurt School of Finance &amp; Management) &#8220;The Ultimate, Most Revolutionary Paper Ever! How Superlatives Affect New Product Succes&#8221;<\/p>\n\n\n\n<p>11:45 pm: <strong>Lunch Break.&nbsp;<\/strong>Van Swinderen Huys<\/p>\n\n\n\n<p>1.00 pm: <strong>Wrap up. <\/strong>And annoucement of next year&#8217;s location.<\/p>\n\n\n\n<p>2.00 pm: Officially the sad, sad ending of the conference. <\/p>\n<\/div><\/div>\n\n\n\n<p><\/p>\n\n\n\n<p><\/p>\n\n\n\n<p><strong>Impressions<\/strong><\/p>\n\n\n\n<figure class=\"wp-block-image size-large\"><img loading=\"lazy\" decoding=\"async\" width=\"1024\" height=\"792\" src=\"http:\/\/yesmarketing.info\/wp-content\/uploads\/2022\/09\/20220830_125045-1024x792.jpg\" alt=\"\" class=\"wp-image-231\" srcset=\"http:\/\/yesmarketing.info\/wp-content\/uploads\/2022\/09\/20220830_125045-1024x792.jpg 1024w, http:\/\/yesmarketing.info\/wp-content\/uploads\/2022\/09\/20220830_125045-300x232.jpg 300w, http:\/\/yesmarketing.info\/wp-content\/uploads\/2022\/09\/20220830_125045-768x594.jpg 768w, http:\/\/yesmarketing.info\/wp-content\/uploads\/2022\/09\/20220830_125045-1536x1187.jpg 1536w, http:\/\/yesmarketing.info\/wp-content\/uploads\/2022\/09\/20220830_125045.jpg 1851w\" sizes=\"auto, (max-width: 706px) 89vw, (max-width: 767px) 82vw, 740px\" \/><figcaption class=\"wp-element-caption\">Great overview at the end of YES <\/figcaption><\/figure>\n\n\n\n<figure class=\"wp-block-image size-large\"><img loading=\"lazy\" decoding=\"async\" width=\"1024\" height=\"461\" src=\"http:\/\/yesmarketing.info\/wp-content\/uploads\/2022\/09\/20220829_093725-1024x461.jpg\" alt=\"\" class=\"wp-image-232\" srcset=\"http:\/\/yesmarketing.info\/wp-content\/uploads\/2022\/09\/20220829_093725-1024x461.jpg 1024w, http:\/\/yesmarketing.info\/wp-content\/uploads\/2022\/09\/20220829_093725-300x135.jpg 300w, http:\/\/yesmarketing.info\/wp-content\/uploads\/2022\/09\/20220829_093725-768x346.jpg 768w, http:\/\/yesmarketing.info\/wp-content\/uploads\/2022\/09\/20220829_093725-1536x692.jpg 1536w, http:\/\/yesmarketing.info\/wp-content\/uploads\/2022\/09\/20220829_093725-2048x922.jpg 2048w\" sizes=\"auto, (max-width: 706px) 89vw, (max-width: 767px) 82vw, 740px\" \/><figcaption class=\"wp-element-caption\"> Welcome to Groningen by Dean Peter Verhoef<\/figcaption><\/figure>\n\n\n\n<figure class=\"wp-block-image size-large\"><img loading=\"lazy\" decoding=\"async\" width=\"1024\" height=\"461\" src=\"http:\/\/yesmarketing.info\/wp-content\/uploads\/2022\/09\/20220830_111205-1024x461.jpg\" alt=\"\" class=\"wp-image-233\" srcset=\"http:\/\/yesmarketing.info\/wp-content\/uploads\/2022\/09\/20220830_111205-1024x461.jpg 1024w, http:\/\/yesmarketing.info\/wp-content\/uploads\/2022\/09\/20220830_111205-300x135.jpg 300w, http:\/\/yesmarketing.info\/wp-content\/uploads\/2022\/09\/20220830_111205-768x346.jpg 768w, http:\/\/yesmarketing.info\/wp-content\/uploads\/2022\/09\/20220830_111205-1536x692.jpg 1536w, http:\/\/yesmarketing.info\/wp-content\/uploads\/2022\/09\/20220830_111205-2048x922.jpg 2048w\" sizes=\"auto, (max-width: 706px) 89vw, (max-width: 767px) 82vw, 740px\" \/><figcaption class=\"wp-element-caption\">One of many great research presentations<\/figcaption><\/figure>\n\n\n\n<figure class=\"wp-block-image size-large\"><img loading=\"lazy\" decoding=\"async\" width=\"1024\" height=\"556\" src=\"http:\/\/yesmarketing.info\/wp-content\/uploads\/2022\/09\/Dinner-1024x556.jpg\" alt=\"\" class=\"wp-image-234\" srcset=\"http:\/\/yesmarketing.info\/wp-content\/uploads\/2022\/09\/Dinner-1024x556.jpg 1024w, http:\/\/yesmarketing.info\/wp-content\/uploads\/2022\/09\/Dinner-300x163.jpg 300w, http:\/\/yesmarketing.info\/wp-content\/uploads\/2022\/09\/Dinner-768x417.jpg 768w, http:\/\/yesmarketing.info\/wp-content\/uploads\/2022\/09\/Dinner-1536x835.jpg 1536w, http:\/\/yesmarketing.info\/wp-content\/uploads\/2022\/09\/Dinner.jpg 1603w\" sizes=\"auto, (max-width: 706px) 89vw, (max-width: 767px) 82vw, 740px\" \/><figcaption class=\"wp-element-caption\">And lots of time to connect and socialize!<\/figcaption><\/figure>\n\n\n\n<p><strong>Participants<\/strong><\/p>\n\n\n\n<div class=\"wp-block-group\"><div class=\"wp-block-group__inner-container is-layout-flow wp-block-group-is-layout-flow\">\n<div class=\"wp-block-columns is-layout-flex wp-container-core-columns-is-layout-9d6595d7 wp-block-columns-is-layout-flex\">\n<div class=\"wp-block-column is-layout-flow wp-block-column-is-layout-flow\">\n<ol class=\"wp-block-list\">\n<li>Alex Bleier<\/li>\n\n\n\n<li>Alexa Burmeister<\/li>\n\n\n\n<li>Evert de Haan (co-organizer)<\/li>\n\n\n\n<li>Keyvan Dehmamy<\/li>\n\n\n\n<li>Matilda Dorotic<\/li>\n\n\n\n<li>Alexander Edeling<\/li>\n\n\n\n<li>Ossama Elshiewy<\/li>\n\n\n\n<li>Oliver Emrich<\/li>\n\n\n\n<li>Maarten Gijsenberg (co-organizer)<\/li>\n\n\n\n<li>Daniel Guhl<\/li>\n\n\n\n<li>Pascal G\u00fcnt\u00fcrk\u00fcn<\/li>\n\n\n\n<li>Jonne Guyt<\/li>\n\n\n\n<li>Niels Holtrop<\/li>\n\n\n\n<li>Tetyana Kosyakova<\/li>\n\n\n\n<li>Marcel Lichters<\/li>\n\n\n\n<li>Lara Lobschat<\/li>\n\n\n\n<li>Hans Risselada (co-organizer)<\/li>\n\n\n\n<li>Thomas Schreiner<\/li>\n\n\n\n<li>Christian Schulze<\/li>\n\n\n\n<li>Edlira Shehu<\/li>\n\n\n\n<li>Francesca Sotgiu<\/li>\n\n\n\n<li>Samuel St\u00e4bler<\/li>\n\n\n\n<li>Lucas Stich<\/li>\n\n\n\n<li>Anne ter Braak<\/li>\n\n\n\n<li>Simone Wies<\/li>\n<\/ol>\n<\/div>\n<\/div>\n<\/div><\/div>\n","protected":false},"excerpt":{"rendered":"<p>YES | MARKETING 2022 took place on August 29 and 30, 2022. It was hosted by Maarten J. Gijsenberg, Hans Risselada and Evert De Haan at University of Groningen. Schedule Monday, August 29 9:00 am: Registration &amp; Coffee. Van Swinderen Huys 9.30 am: Welcome. Peter Verhoef (Dean Faculty of Economics and Business) 9.45 am: Research &hellip; <\/p>\n<p class=\"link-more\"><a href=\"http:\/\/yesmarketing.info\/?page_id=195\" class=\"more-link\">Continue reading<span class=\"screen-reader-text\"> &#8220;YES | MARKETING Meeting 2022&#8221;<\/span><\/a><\/p>\n","protected":false},"author":1,"featured_media":0,"parent":0,"menu_order":0,"comment_status":"closed","ping_status":"closed","template":"","meta":{"footnotes":""},"class_list":["post-195","page","type-page","status-publish","hentry"],"_links":{"self":[{"href":"http:\/\/yesmarketing.info\/index.php?rest_route=\/wp\/v2\/pages\/195","targetHints":{"allow":["GET"]}}],"collection":[{"href":"http:\/\/yesmarketing.info\/index.php?rest_route=\/wp\/v2\/pages"}],"about":[{"href":"http:\/\/yesmarketing.info\/index.php?rest_route=\/wp\/v2\/types\/page"}],"author":[{"embeddable":true,"href":"http:\/\/yesmarketing.info\/index.php?rest_route=\/wp\/v2\/users\/1"}],"replies":[{"embeddable":true,"href":"http:\/\/yesmarketing.info\/index.php?rest_route=%2Fwp%2Fv2%2Fcomments&post=195"}],"version-history":[{"count":9,"href":"http:\/\/yesmarketing.info\/index.php?rest_route=\/wp\/v2\/pages\/195\/revisions"}],"predecessor-version":[{"id":311,"href":"http:\/\/yesmarketing.info\/index.php?rest_route=\/wp\/v2\/pages\/195\/revisions\/311"}],"wp:attachment":[{"href":"http:\/\/yesmarketing.info\/index.php?rest_route=%2Fwp%2Fv2%2Fmedia&parent=195"}],"curies":[{"name":"wp","href":"https:\/\/api.w.org\/{rel}","templated":true}]}}